{"id":869,"date":"2021-07-02T09:12:13","date_gmt":"2021-07-02T07:12:13","guid":{"rendered":"https:\/\/oria-pure.com\/notificacao-mudanca-de-cartucho\/"},"modified":"2022-11-02T08:30:37","modified_gmt":"2022-11-02T07:30:37","slug":"notificacao-mudanca-de-cartucho","status":"publish","type":"page","link":"https:\/\/oria-pure.com\/pt-pt\/notificacao-mudanca-de-cartucho\/","title":{"rendered":"Notifica\u00e7\u00e3o Mudan\u00e7a de cartucho"},"content":{"rendered":"<p>[et_pb_section fb_built=&#8221;1&#8243; fullwidth=&#8221;on&#8221; _builder_version=&#8221;4.9.4&#8243; _module_preset=&#8221;default&#8221;][et_pb_fullwidth_menu active_link_color=&#8221;#27394e&#8221; logo=&#8221;<a href=\"https:\/\/oria-pure.com\/wp-content\/uploads\/2021\/05\/cropped-logo-oria-2.jpg&#038;#8221\">https:\/\/oria-pure.com\/wp-content\/uploads\/2021\/05\/cropped-logo-oria-2.jpg&#038;#8221<\/a>; _builder_version=&#8221;4.9.4&#8243; _module_preset=&#8221;default&#8221; menu_font=&#8221;|600|||||||&#8221; menu_font_size=&#8221;16px&#8221; text_orientation=&#8221;right&#8221; border_width_bottom=&#8221;1px&#8221;][\/et_pb_fullwidth_menu][\/et_pb_section][et_pb_section fb_built=&#8221;1&#8243; admin_label=&#8221;section&#8221; _builder_version=&#8221;4.9.4&#8243; background_color=&#8221;#27394e&#8221;][et_pb_row column_structure=&#8221;1_2,1_2&#8243; admin_label=&#8221;row&#8221; _builder_version=&#8221;4.9.4&#8243; background_size=&#8221;initial&#8221; background_position=&#8221;top_left&#8221; background_repeat=&#8221;repeat&#8221; width=&#8221;85.7%&#8221; min_height=&#8221;162px&#8221; custom_padding=&#8221;|0px||||&#8221;][et_pb_column type=&#8221;1_2&#8243; _builder_version=&#8221;3.25&#8243; custom_padding=&#8221;|||&#8221; custom_padding__hover=&#8221;|||&#8221;][et_pb_text _builder_version=&#8221;4.9.4&#8243; _module_preset=&#8221;default&#8221; text_text_color=&#8221;#FFFFFF&#8221; header_text_color=&#8221;#FFFFFF&#8221;]<\/p>\n<p>SERVI\u00c7IO DE RETORNO<\/p>\n<p>Pensando em trocar os cartuchos, 6 ou 12 meses ap\u00f3s a instala\u00e7\u00e3o, n\u00e3o pensamos mais nisso. No entanto, este pequeno gesto ajuda a garantir uma qualidade de \u00e1gua ideal.<\/p>\n<p>Registe-se no Servi\u00e7o de Lembrete Oria e ser\u00e1 informado por e-mail quando \u00e9 hora de mudar de cartucho.<\/p>\n<p>[\/et_pb_text][\/et_pb_column][et_pb_column type=&#8221;1_2&#8243; _builder_version=&#8221;3.25&#8243; custom_padding=&#8221;|||&#8221; custom_padding__hover=&#8221;|||&#8221;][et_pb_text _builder_version=&#8221;4.9.4&#8243; _module_preset=&#8221;default&#8221; text_text_color=&#8221;#FFFFFF&#8221; width=&#8221;100%&#8221; custom_padding=&#8221;|||0px||&#8221;]<div class=\"caldera-grid\" id=\"caldera_form_1\" data-cf-ver=\"1.9.7\" data-cf-form-id=\"CF6362174c975e3\"><div id=\"caldera_notices_1\" data-spinner=\"https:\/\/oria-pure.com\/wp-admin\/images\/spinner.gif\"><\/div><form data-instance=\"1\" class=\"CF6362174c975e3 caldera_forms_form cfajax-trigger\" method=\"POST\" enctype=\"multipart\/form-data\" id=\"CF6362174c975e3_1\" data-form-id=\"CF6362174c975e3\" aria-label=\"Formulaire rappel PT\" data-target=\"#caldera_notices_1\" data-template=\"#cfajax_CF6362174c975e3-tmpl\" data-cfajax=\"CF6362174c975e3\" data-load-element=\"_parent\" data-load-class=\"cf_processing\" data-post-disable=\"0\" data-action=\"cf_process_ajax_submit\" data-request=\"https:\/\/oria-pure.com\/pt-pt\/\/cf-api\/CF6362174c975e3\" data-hiderows=\"true\">\r\n<input type=\"hidden\" id=\"_cf_verify_CF6362174c975e3\" name=\"_cf_verify\" value=\"6405cb3b8e\"  data-nonce-time=\"1776289913\" \/><input type=\"hidden\" name=\"_wp_http_referer\" value=\"\/pt-pt\/wp-json\/wp\/v2\/pages\/869\" \/><div id=\"cf2-CF6362174c975e3_1\"><\/div><input type=\"hidden\" name=\"_cf_frm_id\" value=\"CF6362174c975e3\">\r\n<input type=\"hidden\" name=\"_cf_frm_ct\" value=\"1\">\r\n<input type=\"hidden\" name=\"cfajax\" value=\"CF6362174c975e3\">\r\n<input type=\"hidden\" name=\"_cf_cr_pst\" value=\"869\">\r\n<div class=\"hide\" style=\"display:none; overflow:hidden;height:0;width:0;\">\r\n<label>Twitter<\/label><input type=\"text\" name=\"twitter\" value=\"\" autocomplete=\"off\">\r\n<\/div><div id=\"CF6362174c975e3_1-row-1\"  class=\"row  first_row\"><div  class=\"col-sm-6  first_col\"><div data-field-wrapper=\"fld_9970286\" class=\"form-group\" id=\"fld_9970286_1-wrap\">\r\n\t<label id=\"fld_9970286Label\" for=\"fld_9970286_1\" class=\"control-label\">Sobrenome <span aria-hidden=\"true\" role=\"presentation\" class=\"field_required\" style=\"color:#ee0000;\">*<\/span><\/label>\r\n\t<div class=\"\">\r\n\t\t<input   required type=\"text\" data-field=\"fld_9970286\" class=\" form-control\" id=\"fld_9970286_1\" name=\"fld_9970286\" value=\"\" data-type=\"text\" aria-required=\"true\"   aria-labelledby=\"fld_9970286Label\" >\t\t\t<\/div>\r\n<\/div>\r\n<\/div><div  class=\"col-sm-6  last_col\"><div data-field-wrapper=\"fld_6009157\" class=\"form-group\" id=\"fld_6009157_1-wrap\">\r\n\t<label id=\"fld_6009157Label\" for=\"fld_6009157_1\" class=\"control-label\">Endere\u00e7o de e-mail <span aria-hidden=\"true\" role=\"presentation\" class=\"field_required\" style=\"color:#ee0000;\">*<\/span><\/label>\r\n\t<div class=\"\">\r\n\t\t<input   required type=\"email\" data-field=\"fld_6009157\" class=\" form-control\" id=\"fld_6009157_1\" name=\"fld_6009157\" value=\"\" data-type=\"email\" aria-required=\"true\"   aria-labelledby=\"fld_6009157Label\" >\t\t\t<\/div>\r\n<\/div>\r\n<\/div><\/div><div id=\"CF6362174c975e3_1-row-2\"  class=\"row \"><div  class=\"col-sm-12  single\"><div data-field-wrapper=\"fld_7869604\" class=\"form-group\" id=\"fld_7869604_1-wrap\">\r\n\t<label id=\"fld_7869604Label\" for=\"fld_7869604_1\" class=\"control-label\">Refer\u00eancia <span aria-hidden=\"true\" role=\"presentation\" class=\"field_required\" style=\"color:#ee0000;\">*<\/span><\/label>\r\n\t<div class=\"\">\r\n\t\t<input  data-inputmask=\"'mask': '999999'\"  required type=\"text\" data-field=\"fld_7869604\" class=\" form-control\" id=\"fld_7869604_1\" name=\"fld_7869604\" value=\"\" data-type=\"text\" aria-required=\"true\"   aria-labelledby=\"fld_7869604Label\" aria-describedby=\"fld_7869604Caption\" >\t\t<span id=\"fld_7869604Caption\" class=\"help-block\">Indique a refer\u00eancia do seu cartucho (ex: 116902)<\/span>\r\n\t<\/div>\r\n<\/div>\r\n<\/div><\/div><div id=\"CF6362174c975e3_1-row-3\"  class=\"row  last_row\"><div  class=\"col-sm-12  single\"><div data-field-wrapper=\"fld_7908577\" class=\"form-group\" id=\"fld_7908577_1-wrap\">\r\n<div class=\"\">\r\n\t<input  class=\"btn btn-default\" type=\"submit\" name=\"fld_7908577\" id=\"fld_7908577_1\" value=\"Marcar o meu lembrete\" data-field=\"fld_7908577\"  >\n<\/div>\r\n<\/div>\r\n\t<input class=\"button_trigger_1\" type=\"hidden\" name=\"fld_7908577\" id=\"fld_7908577_1_btn\" value=\"\" data-field=\"fld_7908577\"  \/>\n<\/div><\/div><\/form>\r\n<\/div>\r\n[\/et_pb_text][\/et_pb_column][\/et_pb_row][\/et_pb_section][et_pb_section fb_built=&#8221;1&#8243; admin_label=&#8221;Footer Section&#8221; _builder_version=&#8221;4.9.4&#8243; background_color=&#8221;#FFFFFF&#8221; custom_padding=&#8221;21px|0px|55px|0px||&#8221; border_color_all=&#8221;#27394e&#8221; border_width_top=&#8221;1px&#8221; border_color_top=&#8221;rgba(0,0,0,0.28)&#8221; saved_tabs=&#8221;all&#8221; locked=&#8221;off&#8221;][et_pb_row column_structure=&#8221;1_4,1_4,1_4,1_4&#8243; admin_label=&#8221;Footer Row&#8221; _builder_version=&#8221;3.25&#8243;][et_pb_column type=&#8221;1_4&#8243; _builder_version=&#8221;3.25&#8243; custom_padding=&#8221;|||&#8221; custom_padding__hover=&#8221;|||&#8221;][et_pb_image src=&#8221;<a href=\"https:\/\/oria-pure.com\/wp-content\/uploads\/2021\/05\/cropped-logo-oria-2.jpg&#038;#8221\">https:\/\/oria-pure.com\/wp-content\/uploads\/2021\/05\/cropped-logo-oria-2.jpg&#038;#8221<\/a>; title_text=&#8221;cropped-logo-oria-2.jpg&#8221; align_tablet=&#8221;center&#8221; align_phone=&#8221;&#8221; align_last_edited=&#8221;on|desktop&#8221; admin_label=&#8221;logo&#8221; _builder_version=&#8221;4.9.4&#8243; max_width=&#8221;50%&#8221;][\/et_pb_image][\/et_pb_column][et_pb_column type=&#8221;1_4&#8243; _builder_version=&#8221;3.25&#8243; custom_padding=&#8221;|||&#8221; custom_padding__hover=&#8221;|||&#8221;][et_pb_text _builder_version=&#8221;4.9.4&#8243; _module_preset=&#8221;default&#8221; text_font=&#8221;|600|||||||&#8221;]<strong>Contactar-nos<\/strong><\/p>\n<p>info@oria.fr[\/et_pb_text][\/et_pb_column][et_pb_column type=&#8221;1_4&#8243; _builder_version=&#8221;3.25&#8243; custom_padding=&#8221;|||&#8221; custom_padding__hover=&#8221;|||&#8221;][et_pb_text _builder_version=&#8221;4.9.4&#8243; _module_preset=&#8221;default&#8221; text_font=&#8221;|600|||||||&#8221;]<strong>Relativamente<\/strong><\/p>\n<p>Condi\u00e7\u00f5es gerais de utiliza\u00e7\u00e3o[\/et_pb_text][\/et_pb_column][et_pb_column type=&#8221;1_4&#8243; _builder_version=&#8221;3.25&#8243; custom_padding=&#8221;|||&#8221; custom_padding__hover=&#8221;|||&#8221;][\/et_pb_column][\/et_pb_row][\/et_pb_section]<\/p>\n","protected":false},"excerpt":{"rendered":"<p>[et_pb_section fb_built=&#8221;1&#8243; fullwidth=&#8221;on&#8221; _builder_version=&#8221;4.9.4&#8243; _module_preset=&#8221;default&#8221;][et_pb_fullwidth_menu active_link_color=&#8221;#27394e&#8221; logo=&#8221;<a href=\"https:\/\/oria-pure.com\/wp-content\/uploads\/2021\/05\/cropped-logo-oria-2.jpg&#038;#8221\">https:\/\/oria-pure.com\/wp-content\/uploads\/2021\/05\/cropped-logo-oria-2.jpg&#038;#8221<\/a>; _builder_version=&#8221;4.9.4&#8243; _module_preset=&#8221;default&#8221; menu_font=&#8221;|600|||||||&#8221; menu_font_size=&#8221;16px&#8221; text_orientation=&#8221;right&#8221; border_width_bottom=&#8221;1px&#8221;][\/et_pb_fullwidth_menu][\/et_pb_section][et_pb_section fb_built=&#8221;1&#8243; admin_label=&#8221;section&#8221; _builder_version=&#8221;4.9.4&#8243; background_color=&#8221;#27394e&#8221;][et_pb_row column_structure=&#8221;1_2,1_2&#8243; admin_label=&#8221;row&#8221; _builder_version=&#8221;4.9.4&#8243; background_size=&#8221;initial&#8221; background_position=&#8221;top_left&#8221; background_repeat=&#8221;repeat&#8221; width=&#8221;85.7%&#8221; min_height=&#8221;162px&#8221; custom_padding=&#8221;|0px||||&#8221;][et_pb_column type=&#8221;1_2&#8243; _builder_version=&#8221;3.25&#8243; custom_padding=&#8221;|||&#8221; custom_padding__hover=&#8221;|||&#8221;][et_pb_text _builder_version=&#8221;4.9.4&#8243; _module_preset=&#8221;default&#8221; text_text_color=&#8221;#FFFFFF&#8221; header_text_color=&#8221;#FFFFFF&#8221;] SERVI\u00c7IO DE RETORNO Pensando em trocar os cartuchos, 6 ou 12 meses ap\u00f3s a instala\u00e7\u00e3o, n\u00e3o pensamos mais nisso. No entanto, [&hellip;]<\/p>\n","protected":false},"author":206769001,"featured_media":0,"parent":0,"menu_order":0,"comment_status":"closed","ping_status":"closed","template":"page-template-blank.php","meta":{"_et_pb_use_builder":"on","_et_pb_old_content":"","_et_gb_content_width":"","_coblocks_attr":"","_coblocks_dimensions":"","_coblocks_responsive_height":"","_coblocks_accordion_ie_support":"","_crdt_document":"","advanced_seo_description":"","jetpack_seo_html_title":"","jetpack_seo_noindex":false,"footnotes":""},"class_list":["post-869","page","type-page","status-publish","hentry"],"acf":[],"jetpack_likes_enabled":true,"jetpack_sharing_enabled":true,"jetpack_shortlink":"https:\/\/wp.me\/Pd5Jbn-e1","amp_enabled":true,"_links":{"self":[{"href":"https:\/\/oria-pure.com\/pt-pt\/wp-json\/wp\/v2\/pages\/869","targetHints":{"allow":["GET"]}}],"collection":[{"href":"https:\/\/oria-pure.com\/pt-pt\/wp-json\/wp\/v2\/pages"}],"about":[{"href":"https:\/\/oria-pure.com\/pt-pt\/wp-json\/wp\/v2\/types\/page"}],"author":[{"embeddable":true,"href":"https:\/\/oria-pure.com\/pt-pt\/wp-json\/wp\/v2\/users\/206769001"}],"replies":[{"embeddable":true,"href":"https:\/\/oria-pure.com\/pt-pt\/wp-json\/wp\/v2\/comments?post=869"}],"version-history":[{"count":3,"href":"https:\/\/oria-pure.com\/pt-pt\/wp-json\/wp\/v2\/pages\/869\/revisions"}],"predecessor-version":[{"id":931,"href":"https:\/\/oria-pure.com\/pt-pt\/wp-json\/wp\/v2\/pages\/869\/revisions\/931"}],"wp:attachment":[{"href":"https:\/\/oria-pure.com\/pt-pt\/wp-json\/wp\/v2\/media?parent=869"}],"curies":[{"name":"wp","href":"https:\/\/api.w.org\/{rel}","templated":true}]}}