{"id":891,"date":"2022-10-29T17:18:45","date_gmt":"2022-10-29T15:18:45","guid":{"rendered":"https:\/\/oria-pure.com\/tratamento-e-filtracao-de-agua-2\/"},"modified":"2022-11-02T07:28:34","modified_gmt":"2022-11-02T06:28:34","slug":"tratamento-e-filtracao-de-agua-2","status":"publish","type":"page","link":"https:\/\/oria-pure.com\/pt-pt\/","title":{"rendered":"Tratamento e Filtra\u00e7\u00e3o de \u00c1gua"},"content":{"rendered":"<p>[et_pb_section fb_built=&#8221;1&#8243; fullwidth=&#8221;on&#8221; _builder_version=&#8221;4.9.4&#8243; _module_preset=&#8221;default&#8221; background_color=&#8221;#000000&#8243; global_module=&#8221;452&#8243; saved_tabs=&#8221;all&#8221;][et_pb_fullwidth_menu logo=&#8221;<a href=\"https:\/\/oria-pure.com\/wp-content\/uploads\/2021\/05\/cropped-logo-oria-2.jpg&#038;#8221\">https:\/\/oria-pure.com\/wp-content\/uploads\/2021\/05\/cropped-logo-oria-2.jpg&#038;#8221<\/a>; _builder_version=&#8221;4.9.4&#8243; _module_preset=&#8221;default&#8221; menu_font=&#8221;|700|||||||&#8221; menu_text_color=&#8221;#27394e&#8221; menu_font_size=&#8221;15px&#8221; text_orientation=&#8221;right&#8221; border_width_bottom=&#8221;1px&#8221; border_color_bottom=&#8221;rgba(0,0,0,0.28)&#8221;][\/et_pb_fullwidth_menu][\/et_pb_section][et_pb_section fb_built=&#8221;1&#8243; fullwidth=&#8221;on&#8221; admin_label=&#8221;Header Section&#8221; _builder_version=&#8221;4.9.4&#8243; background_color=&#8221;#FFFFFF&#8221;][et_pb_fullwidth_header title=&#8221;Oria&#8221; subhead=&#8221;tratamento de \u00e1gua&#8221; text_orientation=&#8221;center&#8221; button_one_text=&#8221;Notifica\u00e7\u00e3o mudan\u00e7a de cartucho&#8221; button_one_url=&#8221;<a href=\"https:\/\/oria-pure.com\/pt-pt\/notificacao-mudanca-de-cartucho\/&#038;#8221\">https:\/\/oria-pure.com\/pt-pt\/notificacao-mudanca-de-cartucho\/&#038;#8221<\/a>; header_image_url=&#8221;<a href=\"https:\/\/oria-pure.com\/wp-content\/uploads\/2021\/05\/693001_FACE-300&#215;257.jpg&#038;#8221\">https:\/\/oria-pure.com\/wp-content\/uploads\/2021\/05\/693001_FACE-300&#215;257.jpg&#038;#8221<\/a>; _builder_version=&#8221;4.9.4&#8243; title_font=&#8221;Oswald|500||on|||||&#8221; title_text_color=&#8221;#27394e&#8221; title_font_size=&#8221;10vw&#8221; title_letter_spacing=&#8221;15px&#8221; title_line_height=&#8221;1.1em&#8221; content_font=&#8221;||||||||&#8221; content_text_color=&#8221;#000000&#8243; subhead_font=&#8221;Oswald|||on|||||&#8221; subhead_text_color=&#8221;#000000&#8243; subhead_font_size=&#8221;24px&#8221; subhead_letter_spacing=&#8221;15px&#8221; subhead_line_height=&#8221;1.4em&#8221; background_color=&#8221;rgba(255, 255, 255, 0)&#8221; background_enable_image=&#8221;off&#8221; background_position=&#8221;bottom_center&#8221; custom_button_one=&#8221;on&#8221; button_one_text_color=&#8221;#FFFFFF&#8221; button_one_bg_color=&#8221;#4fb4e2&#8243; button_one_border_color=&#8221;#4fb4e2&#8243; button_one_letter_spacing=&#8221;1px&#8221; button_one_font=&#8221;|700|||||||&#8221; button_one_icon=&#8221;%%32%%&#8221; min_height=&#8221;764.4px&#8221; custom_padding=&#8221;0%||0%|||&#8221; animation_style=&#8221;zoom&#8221; animation_direction=&#8221;bottom&#8221; animation_intensity_zoom=&#8221;8%&#8221; hover_enabled=&#8221;0&#8243; title_text_shadow_style=&#8221;preset1&#8243; title_text_shadow_blur_strength=&#8221;0.25em&#8221; title_text_shadow_color=&#8221;rgba(12,12,12,0.15)&#8221; box_shadow_style_button_one=&#8221;preset1&#8243; button_one_text_size__hover_enabled=&#8221;off&#8221; button_two_text_size__hover_enabled=&#8221;off&#8221; button_one_text_color__hover_enabled=&#8221;off&#8221; button_two_text_color__hover_enabled=&#8221;off&#8221; button_one_border_width__hover_enabled=&#8221;off&#8221; button_two_border_width__hover_enabled=&#8221;off&#8221; button_one_border_color__hover_enabled=&#8221;off&#8221; button_two_border_color__hover_enabled=&#8221;off&#8221; button_one_border_radius__hover_enabled=&#8221;off&#8221; button_two_border_radius__hover_enabled=&#8221;off&#8221; button_one_letter_spacing__hover_enabled=&#8221;off&#8221; button_two_letter_spacing__hover_enabled=&#8221;off&#8221; button_one_bg_color__hover_enabled=&#8221;off&#8221; button_two_bg_color__hover_enabled=&#8221;off&#8221; sticky_enabled=&#8221;0&#8243;][\/et_pb_fullwidth_header][\/et_pb_section][et_pb_section fb_built=&#8221;1&#8243; _builder_version=&#8221;4.9.4&#8243; _module_preset=&#8221;default&#8221; background_color=&#8221;RGBA(0,0,0,0)&#8221; custom_padding=&#8221;8px|||||&#8221;][et_pb_row column_structure=&#8221;1_3,1_3,1_3&#8243; _builder_version=&#8221;4.9.4&#8243; _module_preset=&#8221;default&#8221;][et_pb_column type=&#8221;1_3&#8243; _builder_version=&#8221;4.9.4&#8243; _module_preset=&#8221;default&#8221;][et_pb_cta title=&#8221;anticalc\u00e1rio&#8221; button_url=&#8221;#anticalc\u00e1rio&#8221; button_text=&#8221;Clique aqui para descobrir nossas esta\u00e7\u00f5es, cartuchos e kit anti-calc\u00e1rio &#8221; module_class=&#8221;1&#8243; _builder_version=&#8221;4.9.4&#8243; _module_preset=&#8221;default&#8221; header_font=&#8221;|700|||||||&#8221; background_color=&#8221;#b1c800&#8243; custom_button=&#8221;on&#8221; button_text_size=&#8221;15px&#8221; button_border_width=&#8221;0px&#8221; box_shadow_style=&#8221;preset1&#8243;][\/et_pb_cta][\/et_pb_column][et_pb_column type=&#8221;1_3&#8243; _builder_version=&#8221;4.9.4&#8243; _module_preset=&#8221;default&#8221;][et_pb_cta title=&#8221;ANTI-IMPUREZA&#8221; button_url=&#8221;#ANTIIMP&#8221; button_text=&#8221;Descubra as nossas esta\u00e7\u00f5es, cartuchos e kit anti impureza&#8221; _builder_version=&#8221;4.9.4&#8243; _module_preset=&#8221;default&#8221; header_font=&#8221;|700|||||||&#8221; background_color=&#8221;#f39600&#8243; custom_button=&#8221;on&#8221; button_text_size=&#8221;15px&#8221; button_border_width=&#8221;0px&#8221; box_shadow_style=&#8221;preset1&#8243;][\/et_pb_cta][\/et_pb_column][et_pb_column type=&#8221;1_3&#8243; _builder_version=&#8221;4.9.4&#8243; _module_preset=&#8221;default&#8221;][et_pb_cta title=&#8221;ANTI-GOSTO\/ODOR&#8221; button_url=&#8221;#antigosto&#8221; button_text=&#8221;Descubra as nossas esta\u00e7\u00f5es, cartuchos e kit anti gosto\/odor&#8221; _builder_version=&#8221;4.9.4&#8243; _module_preset=&#8221;default&#8221; header_font=&#8221;|700|||||||&#8221; background_color=&#8221;#ffce00&#8243; custom_button=&#8221;on&#8221; button_text_size=&#8221;15px&#8221; button_border_width=&#8221;0px&#8221; box_shadow_style=&#8221;preset1&#8243;][\/et_pb_cta][\/et_pb_column][\/et_pb_row][\/et_pb_section][et_pb_section fb_built=&#8221;1&#8243; module_id=&#8221;anticalc\u00e1rio&#8221; _builder_version=&#8221;4.9.4&#8243; _module_preset=&#8221;default&#8221;][et_pb_row _builder_version=&#8221;4.9.4&#8243; _module_preset=&#8221;default&#8221;][et_pb_column type=&#8221;4_4&#8243; _builder_version=&#8221;4.9.4&#8243; _module_preset=&#8221;default&#8221;][et_pb_text _builder_version=&#8221;4.9.4&#8243; _module_preset=&#8221;default&#8221; text_font=&#8221;|700||on|||||&#8221; text_text_color=&#8221;#b1c800&#8243; text_font_size=&#8221;25px&#8221; text_letter_spacing=&#8221;2px&#8221;]<\/p>\n<p>anticalc\u00e1rio<\/p>\n<p>[\/et_pb_text][\/et_pb_column][\/et_pb_row][et_pb_row column_structure=&#8221;1_3,1_3,1_3&#8243; _builder_version=&#8221;4.9.4&#8243; _module_preset=&#8221;default&#8221;][et_pb_column type=&#8221;1_3&#8243; _builder_version=&#8221;4.9.4&#8243; _module_preset=&#8221;default&#8221;][et_pb_image src=&#8221;<a href=\"https:\/\/oria-pure.com\/wp-content\/uploads\/2021\/05\/Cartouche-Polyphosphate-1.jpg&#038;#8221\">https:\/\/oria-pure.com\/wp-content\/uploads\/2021\/05\/Cartouche-Polyphosphate-1.jpg&#038;#8221<\/a>; title_text=&#8221;Cartucho Polyphosphate 1&#8243; _builder_version=&#8221;4.9.4&#8243; _module_preset=&#8221;default&#8221;][\/et_pb_image][\/et_pb_column][et_pb_column type=&#8221;1_3&#8243; _builder_version=&#8221;4.9.4&#8243; _module_preset=&#8221;default&#8221;][et_pb_text _builder_version=&#8221;4.9.4&#8243; _module_preset=&#8221;default&#8221;]<\/p>\n<p>O tratamento contra o calc\u00e1rio protege a sua instala\u00e7\u00e3o de canaliza\u00e7\u00e3o e sobretudo os seus aparelhos sanit\u00e1rios de um envelhecimento precoce, de um excesso de consumo de energia e limita os vest\u00edgios pouco est\u00e9ticos de calc\u00e1rio nas paredes de duche e torneiras<\/p>\n<p>O tratamento \u00e9 realizado com um cartucho de polifosfato com uma dura\u00e7\u00e3o de efic\u00e1cia ideal de 12 meses<\/p>\n<p>Se a sua instala\u00e7\u00e3o tamb\u00e9m sofre corros\u00e3o, opte por um cartucho de silicofosfato<\/p>\n<p>[\/et_pb_text][\/et_pb_column][et_pb_column type=&#8221;1_3&#8243; _builder_version=&#8221;4.9.4&#8243; _module_preset=&#8221;default&#8221;][et_pb_image src=&#8221;<a href=\"https:\/\/oria-pure.com\/wp-content\/uploads\/2021\/05\/Porte-Filtre-Double-1.jpg&#038;#8221\">https:\/\/oria-pure.com\/wp-content\/uploads\/2021\/05\/Porte-Filtre-Double-1.jpg&#038;#8221<\/a>; title_text=&#8221;Porta Filtro Duplo 1&#8243; _builder_version=&#8221;4.9.4&#8243; _module_preset=&#8221;default&#8221;][\/et_pb_image][\/et_pb_column][\/et_pb_row][\/et_pb_section][et_pb_section fb_built=&#8221;1&#8243; module_id=&#8221;ANTIIMP&#8221; _builder_version=&#8221;4.9.4&#8243; _module_preset=&#8221;default&#8221;][et_pb_row _builder_version=&#8221;4.9.4&#8243; _module_preset=&#8221;default&#8221;][et_pb_column type=&#8221;4_4&#8243; _builder_version=&#8221;4.9.4&#8243; _module_preset=&#8221;default&#8221;][et_pb_text _builder_version=&#8221;4.9.4&#8243; _module_preset=&#8221;default&#8221; text_font=&#8221;|700||on|||||&#8221; text_text_color=&#8221;#f39600&#8243; text_font_size=&#8221;25px&#8221; text_letter_spacing=&#8221;2px&#8221;]<\/p>\n<p>Anti-impurezas<\/p>\n<p>[\/et_pb_text][\/et_pb_column][\/et_pb_row][et_pb_row column_structure=&#8221;1_3,1_3,1_3&#8243; _builder_version=&#8221;4.9.4&#8243; _module_preset=&#8221;default&#8221;][et_pb_column type=&#8221;1_3&#8243; _builder_version=&#8221;4.9.4&#8243; _module_preset=&#8221;default&#8221;][et_pb_image src=&#8221;<a href=\"https:\/\/oria-pure.com\/wp-content\/uploads\/2021\/05\/Porte-Filtre-Simple-1.jpg&#038;#8221\">https:\/\/oria-pure.com\/wp-content\/uploads\/2021\/05\/Porte-Filtre-Simple-1.jpg&#038;#8221<\/a>; title_text=&#8221;Porta de filtro simples 1&#8243; _builder_version=&#8221;4.9.4&#8243; _module_preset=&#8221;default&#8221;][\/et_pb_image][\/et_pb_column][et_pb_column type=&#8221;1_3&#8243; _builder_version=&#8221;4.9.4&#8243; _module_preset=&#8221;default&#8221;][et_pb_text _builder_version=&#8221;4.9.4&#8243; _module_preset=&#8221;default&#8221;]<\/p>\n<p>A filtra\u00e7\u00e3o de impurezas protege seus dispositivos, instala\u00e7\u00f5es e cartuchos de processamento de sedimentos e outros materiais indesejados que podem entrar em suas tubula\u00e7\u00f5es<\/p>\n<p>A filtra\u00e7\u00e3o \u00e9 realizada com a ajuda de um cartucho de polipropileno enrolado ou extrudido, ou um cartucho lav\u00e1vel que pode ser reutilizado<\/p>\n<p>Os cartuchos t\u00eam uma dura\u00e7\u00e3o de efici\u00eancia ideal de 6 meses a 12 meses<\/p>\n<p>&nbsp;<\/p>\n<p>[\/et_pb_text][\/et_pb_column][et_pb_column type=&#8221;1_3&#8243; _builder_version=&#8221;4.9.4&#8243; _module_preset=&#8221;default&#8221;][et_pb_image src=&#8221;<a href=\"https:\/\/oria-pure.com\/wp-content\/uploads\/2021\/05\/Cartouche-Bobinee-1.jpg&#038;#8221\">https:\/\/oria-pure.com\/wp-content\/uploads\/2021\/05\/Cartouche-Bobinee-1.jpg&#038;#8221<\/a>; title_text=&#8221;Cartucho Bobinee 1&#8243; _builder_version=&#8221;4.9.4&#8243; _module_preset=&#8221;default&#8221;][\/et_pb_image][\/et_pb_column][\/et_pb_row][\/et_pb_section][et_pb_section fb_built=&#8221;1&#8243; module_id=&#8221;anti-gosto&#8221; _builder_version=&#8221;4.9.4&#8243; _module_preset=&#8221;default&#8221; custom_margin=&#8221;||4px|||&#8221;][et_pb_row _builder_version=&#8221;4.9.4&#8243; _module_preset=&#8221;default&#8221;][et_pb_column type=&#8221;4_4&#8243; _builder_version=&#8221;4.9.4&#8243; _module_preset=&#8221;default&#8221;][et_pb_text _builder_version=&#8221;4.9.4&#8243; _module_preset=&#8221;default&#8221; text_font=&#8221;|700||on|||||&#8221; text_text_color=&#8221;#ffce00&#8243; text_font_size=&#8221;25px&#8221; text_letter_spacing=&#8221;2px&#8221;]<\/p>\n<p>Anti gosto\/cheiro<\/p>\n<p>[\/et_pb_text][\/et_pb_column][\/et_pb_row][et_pb_row column_structure=&#8221;1_3,1_3,1_3&#8243; _builder_version=&#8221;4.9.4&#8243; _module_preset=&#8221;default&#8221;][et_pb_column type=&#8221;1_3&#8243; _builder_version=&#8221;4.9.4&#8243; _module_preset=&#8221;default&#8221;][et_pb_image src=&#8221;<a href=\"https:\/\/oria-pure.com\/wp-content\/uploads\/2021\/05\/Cartouche-Charbon-1.jpg&#038;#8221\">https:\/\/oria-pure.com\/wp-content\/uploads\/2021\/05\/Cartouche-Charbon-1.jpg&#038;#8221<\/a>; title_text=&#8221;Cartucho Carv\u00e3o 1&#8243; _builder_version=&#8221;4.9.4&#8243; _module_preset=&#8221;default&#8221;][\/et_pb_image][\/et_pb_column][et_pb_column type=&#8221;1_3&#8243; _builder_version=&#8221;4.9.4&#8243; _module_preset=&#8221;default&#8221;][et_pb_text _builder_version=&#8221;4.9.4&#8243; _module_preset=&#8221;default&#8221;]<\/p>\n<p>\u00c9 poss\u00edvel tratar a \u00e1gua dos po\u00e7os e a \u00e1gua de recupera\u00e7\u00e3o da chuva para eliminar os sabores e odores com a ajuda de um cartucho de carv\u00e3o ativado<\/p>\n<p>\u00c9 essencial filtrar a montante com cartuchos adequados para proteger o cartucho de carv\u00e3o<\/p>\n<p>O cartucho de carv\u00e3o ativado com um tempo de efici\u00eancia ideal de 12 meses<\/p>\n<p>[\/et_pb_text][\/et_pb_column][et_pb_column type=&#8221;1_3&#8243; _builder_version=&#8221;4.9.4&#8243; _module_preset=&#8221;default&#8221;][et_pb_image src=&#8221;<a href=\"https:\/\/oria-pure.com\/wp-content\/uploads\/2021\/05\/Porte-Filtre-Triple-1.jpg&#038;#8221\">https:\/\/oria-pure.com\/wp-content\/uploads\/2021\/05\/Porte-Filtre-Triple-1.jpg&#038;#8221<\/a>; title_text=&#8221;Porta Filtro Triplo 1&#8243; _builder_version=&#8221;4.9.4&#8243; _module_preset=&#8221;default&#8221;][\/et_pb_image][\/et_pb_column][\/et_pb_row][\/et_pb_section][et_pb_section fb_built=&#8221;1&#8243; admin_label=&#8221;Footer Section&#8221; _builder_version=&#8221;4.9.4&#8243; background_color=&#8221;#FFFFFF&#8221; custom_padding=&#8221;21px|0px|55px|0px||&#8221; border_color_all=&#8221;#27394e&#8221; border_width_top=&#8221;1px&#8221; border_color_top=&#8221;rgba(0,0,0,0.28)&#8221; saved_tabs=&#8221;all&#8221; global_module=&#8221;451&#8243;][et_pb_row column_structure=&#8221;1_4,1_4,1_4,1_4&#8243; admin_label=&#8221;Footer Row&#8221; _builder_version=&#8221;3.25&#8243;][et_pb_column type=&#8221;1_4&#8243; _builder_version=&#8221;3.25&#8243; custom_padding=&#8221;|||&#8221; custom_padding__hover=&#8221;|||&#8221;][et_pb_image src=&#8221;<a href=\"https:\/\/oria-pure.com\/wp-content\/uploads\/2021\/05\/cropped-logo-oria-2.jpg&#038;#8221\">https:\/\/oria-pure.com\/wp-content\/uploads\/2021\/05\/cropped-logo-oria-2.jpg&#038;#8221<\/a>; title_text=&#8221;cropped-logo-oria-2.jpg&#8221; align_tablet=&#8221;center&#8221; align_phone=&#8221;&#8221; align_last_edited=&#8221;on|desktop&#8221; admin_label=&#8221;logo&#8221; _builder_version=&#8221;4.9.4&#8243; max_width=&#8221;50%&#8221;][\/et_pb_image][\/et_pb_column][et_pb_column type=&#8221;1_4&#8243; _builder_version=&#8221;3.25&#8243; custom_padding=&#8221;|||&#8221; custom_padding__hover=&#8221;|||&#8221;][et_pb_text _builder_version=&#8221;4.9.4&#8243; _module_preset=&#8221;default&#8221; text_font=&#8221;|600|||||||&#8221;]<\/p>\n<p><strong>Contactar-nos<\/strong><\/p>\n<p>info@oria.fr<\/p>\n<p>[\/et_pb_text][\/et_pb_column][et_pb_column type=&#8221;1_4&#8243; _builder_version=&#8221;3.25&#8243; custom_padding=&#8221;|||&#8221; custom_padding__hover=&#8221;|||&#8221;][et_pb_text _builder_version=&#8221;4.9.4&#8243; _module_preset=&#8221;default&#8221; text_font=&#8221;|600|||||||&#8221;]<\/p>\n<p><strong>About<\/strong><\/p>\n<p>Condi\u00e7\u00f5es gerais de utiliza\u00e7\u00e3o<\/p>\n<p>[\/et_pb_text][\/et_pb_column][et_pb_column type=&#8221;1_4&#8243; _builder_version=&#8221;3.25&#8243; custom_padding=&#8221;|||&#8221; custom_padding__hover=&#8221;|||&#8221;][\/et_pb_column][\/et_pb_row][\/et_pb_section]<\/p>\n","protected":false},"excerpt":{"rendered":"<p>[et_pb_section fb_built=&#8221;1&#8243; fullwidth=&#8221;on&#8221; _builder_version=&#8221;4.9.4&#8243; _module_preset=&#8221;default&#8221; background_color=&#8221;#000000&#8243; global_module=&#8221;452&#8243; saved_tabs=&#8221;all&#8221;][et_pb_fullwidth_menu logo=&#8221;<a href=\"https:\/\/oria-pure.com\/wp-content\/uploads\/2021\/05\/cropped-logo-oria-2.jpg&#038;#8221\">https:\/\/oria-pure.com\/wp-content\/uploads\/2021\/05\/cropped-logo-oria-2.jpg&#038;#8221<\/a>; _builder_version=&#8221;4.9.4&#8243; _module_preset=&#8221;default&#8221; menu_font=&#8221;|700|||||||&#8221; menu_text_color=&#8221;#27394e&#8221; menu_font_size=&#8221;15px&#8221; text_orientation=&#8221;right&#8221; border_width_bottom=&#8221;1px&#8221; border_color_bottom=&#8221;rgba(0,0,0,0.28)&#8221;][\/et_pb_fullwidth_menu][\/et_pb_section][et_pb_section fb_built=&#8221;1&#8243; fullwidth=&#8221;on&#8221; admin_label=&#8221;Header Section&#8221; _builder_version=&#8221;4.9.4&#8243; background_color=&#8221;#FFFFFF&#8221;][et_pb_fullwidth_header title=&#8221;Oria&#8221; subhead=&#8221;tratamento de \u00e1gua&#8221; text_orientation=&#8221;center&#8221; button_one_text=&#8221;Notifica\u00e7\u00e3o mudan\u00e7a de cartucho&#8221; button_one_url=&#8221;<a href=\"https:\/\/oria-pure.com\/pt-pt\/notificacao-mudanca-de-cartucho\/&#038;#8221\">https:\/\/oria-pure.com\/pt-pt\/notificacao-mudanca-de-cartucho\/&#038;#8221<\/a>; header_image_url=&#8221;<a href=\"https:\/\/oria-pure.com\/wp-content\/uploads\/2021\/05\/693001_FACE-300&#215;257.jpg&#038;#8221\">https:\/\/oria-pure.com\/wp-content\/uploads\/2021\/05\/693001_FACE-300&#215;257.jpg&#038;#8221<\/a>; _builder_version=&#8221;4.9.4&#8243; title_font=&#8221;Oswald|500||on|||||&#8221; title_text_color=&#8221;#27394e&#8221; title_font_size=&#8221;10vw&#8221; title_letter_spacing=&#8221;15px&#8221; title_line_height=&#8221;1.1em&#8221; content_font=&#8221;||||||||&#8221; content_text_color=&#8221;#000000&#8243; subhead_font=&#8221;Oswald|||on|||||&#8221; subhead_text_color=&#8221;#000000&#8243; subhead_font_size=&#8221;24px&#8221; subhead_letter_spacing=&#8221;15px&#8221; subhead_line_height=&#8221;1.4em&#8221; background_color=&#8221;rgba(255, 255, 255, 0)&#8221; background_enable_image=&#8221;off&#8221; background_position=&#8221;bottom_center&#8221; custom_button_one=&#8221;on&#8221; button_one_text_color=&#8221;#FFFFFF&#8221; [&hellip;]<\/p>\n","protected":false},"author":206769001,"featured_media":0,"parent":0,"menu_order":1,"comment_status":"closed","ping_status":"closed","template":"page-template-blank.php","meta":{"_et_pb_use_builder":"on","_et_pb_old_content":"","_et_gb_content_width":"","_coblocks_attr":"","_coblocks_dimensions":"","_coblocks_responsive_height":"","_coblocks_accordion_ie_support":"","_crdt_document":"","advanced_seo_description":"","jetpack_seo_html_title":"","jetpack_seo_noindex":false,"footnotes":""},"class_list":["post-891","page","type-page","status-publish","hentry"],"acf":[],"jetpack_likes_enabled":true,"jetpack_sharing_enabled":true,"jetpack_shortlink":"https:\/\/wp.me\/Pd5Jbn-en","amp_enabled":true,"_links":{"self":[{"href":"https:\/\/oria-pure.com\/pt-pt\/wp-json\/wp\/v2\/pages\/891","targetHints":{"allow":["GET"]}}],"collection":[{"href":"https:\/\/oria-pure.com\/pt-pt\/wp-json\/wp\/v2\/pages"}],"about":[{"href":"https:\/\/oria-pure.com\/pt-pt\/wp-json\/wp\/v2\/types\/page"}],"author":[{"embeddable":true,"href":"https:\/\/oria-pure.com\/pt-pt\/wp-json\/wp\/v2\/users\/206769001"}],"replies":[{"embeddable":true,"href":"https:\/\/oria-pure.com\/pt-pt\/wp-json\/wp\/v2\/comments?post=891"}],"version-history":[{"count":5,"href":"https:\/\/oria-pure.com\/pt-pt\/wp-json\/wp\/v2\/pages\/891\/revisions"}],"predecessor-version":[{"id":914,"href":"https:\/\/oria-pure.com\/pt-pt\/wp-json\/wp\/v2\/pages\/891\/revisions\/914"}],"wp:attachment":[{"href":"https:\/\/oria-pure.com\/pt-pt\/wp-json\/wp\/v2\/media?parent=891"}],"curies":[{"name":"wp","href":"https:\/\/api.w.org\/{rel}","templated":true}]}}